{"id":109,"date":"2017-11-26T20:33:02","date_gmt":"2017-11-26T20:33:02","guid":{"rendered":"http:\/\/guarionexmoralesmatos.com\/?page_id=109"},"modified":"2024-11-29T10:56:44","modified_gmt":"2024-11-29T10:56:44","slug":"home","status":"publish","type":"page","link":"https:\/\/guarionexmoralesmatos.com\/","title":{"rendered":"Home"},"content":{"rendered":"\t\t<div data-elementor-type=\"wp-page\" data-elementor-id=\"109\" class=\"elementor elementor-109\" data-elementor-post-type=\"page\">\n\t\t\t\t<div class=\"elementor-element elementor-element-28a7ea3 e-con-full e-flex e-con e-parent\" data-id=\"28a7ea3\" data-element_type=\"container\" data-e-type=\"container\" data-settings=\"{&quot;background_background&quot;:&quot;gradient&quot;}\">\n\t\t<div class=\"elementor-element elementor-element-bff7334 e-con-full e-flex e-con e-child\" data-id=\"bff7334\" data-element_type=\"container\" data-e-type=\"container\">\n\t\t\t\t<div class=\"elementor-element elementor-element-9ee81b5 elementor-widget elementor-widget-spacer\" data-id=\"9ee81b5\" data-element_type=\"widget\" data-e-type=\"widget\" data-widget_type=\"spacer.default\">\n\t\t\t\t<div class=\"elementor-widget-container\">\n\t\t\t\t\t\t\t<div class=\"elementor-spacer\">\n\t\t\t<div class=\"elementor-spacer-inner\"><\/div>\n\t\t<\/div>\n\t\t\t\t\t\t<\/div>\n\t\t\t\t<\/div>\n\t\t\t\t<div class=\"elementor-element elementor-element-3dffd01 animated-slow elementor-widget__width-initial elementor-widget-tablet__width-initial elementor-invisible elementor-widget elementor-widget-heading\" data-id=\"3dffd01\" data-element_type=\"widget\" data-e-type=\"widget\" data-settings=\"{&quot;_animation&quot;:&quot;fadeInUp&quot;}\" data-widget_type=\"heading.default\">\n\t\t\t\t<div class=\"elementor-widget-container\">\n\t\t\t\t\t<h1 class=\"elementor-heading-title elementor-size-default\">Guarionex <br> Morales Matos<\/h1>\t\t\t\t<\/div>\n\t\t\t\t<\/div>\n\t\t\t\t<div class=\"elementor-element elementor-element-fddd663 elementor-widget__width-initial animated-slow elementor-invisible elementor-widget elementor-widget-text-editor\" data-id=\"fddd663\" data-element_type=\"widget\" data-e-type=\"widget\" data-settings=\"{&quot;_animation&quot;:&quot;fadeInUp&quot;,&quot;_animation_delay&quot;:600}\" data-widget_type=\"text-editor.default\">\n\t\t\t\t<div class=\"elementor-widget-container\">\n\t\t\t\t\t\t\t\t\t<p>Guarionex Morales-Matos is a Puerto Rican composer, as well as founder and co-director of Orfe\u00f3n San Juan Bautista, a professional secular choral ensemble. He focuses primarily on the a cappella choral medium and has written art songs, choral-instrumental works, film music, a ballet and a symphonic piece.<\/p>\t\t\t\t\t\t\t\t<\/div>\n\t\t\t\t<\/div>\n\t\t<div class=\"elementor-element elementor-element-b5e6e1b e-grid e-con-full e-con e-child\" data-id=\"b5e6e1b\" data-element_type=\"container\" data-e-type=\"container\">\n\t\t\t\t<div class=\"elementor-element elementor-element-7aa6f8e elementor-align-right animated-slow elementor-mobile-align-center elementor-invisible elementor-widget elementor-widget-button\" data-id=\"7aa6f8e\" data-element_type=\"widget\" data-e-type=\"widget\" data-settings=\"{&quot;_animation&quot;:&quot;fadeInUp&quot;,&quot;_animation_delay&quot;:800}\" data-widget_type=\"button.default\">\n\t\t\t\t<div class=\"elementor-widget-container\">\n\t\t\t\t\t\t\t\t\t<div class=\"elementor-button-wrapper\">\n\t\t\t\t\t<a class=\"elementor-button elementor-button-link elementor-size-sm elementor-animation-float\" href=\"#biography\">\n\t\t\t\t\t\t<span class=\"elementor-button-content-wrapper\">\n\t\t\t\t\t\t\t\t\t<span class=\"elementor-button-text\">BIOGRAPHY<\/span>\n\t\t\t\t\t<\/span>\n\t\t\t\t\t<\/a>\n\t\t\t\t<\/div>\n\t\t\t\t\t\t\t\t<\/div>\n\t\t\t\t<\/div>\n\t\t\t\t<div class=\"elementor-element elementor-element-f6db6a5 animated-slow elementor-mobile-align-center elementor-align-center elementor-tablet-align-center elementor-invisible elementor-widget elementor-widget-button\" data-id=\"f6db6a5\" data-element_type=\"widget\" data-e-type=\"widget\" data-settings=\"{&quot;_animation&quot;:&quot;fadeInUp&quot;,&quot;_animation_delay&quot;:1000}\" data-widget_type=\"button.default\">\n\t\t\t\t<div class=\"elementor-widget-container\">\n\t\t\t\t\t\t\t\t\t<div class=\"elementor-button-wrapper\">\n\t\t\t\t\t<a class=\"elementor-button elementor-button-link elementor-size-sm elementor-animation-float\" href=\"https:\/\/guarionexmoralesmatos.com\/?page_id=125\">\n\t\t\t\t\t\t<span class=\"elementor-button-content-wrapper\">\n\t\t\t\t\t\t\t\t\t<span class=\"elementor-button-text\">CATALOG<\/span>\n\t\t\t\t\t<\/span>\n\t\t\t\t\t<\/a>\n\t\t\t\t<\/div>\n\t\t\t\t\t\t\t\t<\/div>\n\t\t\t\t<\/div>\n\t\t\t\t<div class=\"elementor-element elementor-element-2f367b2 elementor-align-left animated-slow elementor-mobile-align-center elementor-invisible elementor-widget elementor-widget-button\" data-id=\"2f367b2\" data-element_type=\"widget\" data-e-type=\"widget\" data-settings=\"{&quot;_animation&quot;:&quot;fadeInUp&quot;,&quot;_animation_delay&quot;:1200}\" data-widget_type=\"button.default\">\n\t\t\t\t<div class=\"elementor-widget-container\">\n\t\t\t\t\t\t\t\t\t<div class=\"elementor-button-wrapper\">\n\t\t\t\t\t<a class=\"elementor-button elementor-button-link elementor-size-sm elementor-animation-float\" href=\"https:\/\/guarionexmoralesmatos.com\/?page_id=134\">\n\t\t\t\t\t\t<span class=\"elementor-button-content-wrapper\">\n\t\t\t\t\t\t\t\t\t<span class=\"elementor-button-text\">CONTACT<\/span>\n\t\t\t\t\t<\/span>\n\t\t\t\t\t<\/a>\n\t\t\t\t<\/div>\n\t\t\t\t\t\t\t\t<\/div>\n\t\t\t\t<\/div>\n\t\t\t\t<\/div>\n\t\t\t\t<\/div>\n\t\t\t\t<\/div>\n\t\t<div class=\"elementor-element elementor-element-1cb5ae6 e-con-full e-flex e-con e-parent\" data-id=\"1cb5ae6\" data-element_type=\"container\" data-e-type=\"container\" data-settings=\"{&quot;background_background&quot;:&quot;slideshow&quot;,&quot;background_slideshow_gallery&quot;:[{&quot;id&quot;:2986,&quot;url&quot;:&quot;https:\\\/\\\/guarionexmoralesmatos.com\\\/wp-content\\\/uploads\\\/2023\\\/12\\\/1H4A1746-scaled.webp&quot;},{&quot;id&quot;:3175,&quot;url&quot;:&quot;https:\\\/\\\/guarionexmoralesmatos.com\\\/wp-content\\\/uploads\\\/2024\\\/02\\\/OSJBRV-32-scaled.jpg&quot;},{&quot;id&quot;:3196,&quot;url&quot;:&quot;https:\\\/\\\/guarionexmoralesmatos.com\\\/wp-content\\\/uploads\\\/2024\\\/02\\\/395475292_894695488705814_44289316642908705_n.jpg&quot;},{&quot;id&quot;:3194,&quot;url&quot;:&quot;https:\\\/\\\/guarionexmoralesmatos.com\\\/wp-content\\\/uploads\\\/2024\\\/02\\\/353420948_822480485927315_123032994293301015_n.jpg&quot;},{&quot;id&quot;:3172,&quot;url&quot;:&quot;https:\\\/\\\/guarionexmoralesmatos.com\\\/wp-content\\\/uploads\\\/2024\\\/02\\\/1H4A5821-scaled.jpg&quot;},{&quot;id&quot;:2967,&quot;url&quot;:&quot;https:\\\/\\\/guarionexmoralesmatos.com\\\/wp-content\\\/uploads\\\/2023\\\/12\\\/Entre-la-cancion-de-arte-y-el-folclor-4-1-scaled.jpg&quot;},{&quot;id&quot;:3197,&quot;url&quot;:&quot;https:\\\/\\\/guarionexmoralesmatos.com\\\/wp-content\\\/uploads\\\/2024\\\/02\\\/409071627_914557433386286_2212053699650099232_n.jpg&quot;}],&quot;background_slideshow_slide_duration&quot;:3000,&quot;background_slideshow_transition_duration&quot;:600,&quot;background_slideshow_ken_burns&quot;:&quot;yes&quot;,&quot;background_slideshow_ken_burns_zoom_direction&quot;:&quot;out&quot;,&quot;background_slideshow_loop&quot;:&quot;yes&quot;,&quot;background_slideshow_slide_transition&quot;:&quot;fade&quot;}\">\n\t\t\t\t<\/div>\n\t\t<div class=\"elementor-element elementor-element-9a76f5d e-flex e-con-boxed e-con e-parent\" data-id=\"9a76f5d\" data-element_type=\"container\" data-e-type=\"container\" data-settings=\"{&quot;background_background&quot;:&quot;classic&quot;}\">\n\t\t\t\t\t<div class=\"e-con-inner\">\n\t\t<div class=\"elementor-element elementor-element-05a8617 e-con-full e-flex e-con e-child\" data-id=\"05a8617\" data-element_type=\"container\" data-e-type=\"container\">\n\t\t\t\t<div class=\"elementor-element elementor-element-87d5ae1 elementor-widget elementor-widget-spacer\" data-id=\"87d5ae1\" data-element_type=\"widget\" data-e-type=\"widget\" data-widget_type=\"spacer.default\">\n\t\t\t\t<div class=\"elementor-widget-container\">\n\t\t\t\t\t\t\t<div class=\"elementor-spacer\">\n\t\t\t<div class=\"elementor-spacer-inner\"><\/div>\n\t\t<\/div>\n\t\t\t\t\t\t<\/div>\n\t\t\t\t<\/div>\n\t\t\t\t<div class=\"elementor-element elementor-element-f6e9940 elementor-widget elementor-widget-menu-anchor\" data-id=\"f6e9940\" data-element_type=\"widget\" data-e-type=\"widget\" data-widget_type=\"menu-anchor.default\">\n\t\t\t\t<div class=\"elementor-widget-container\">\n\t\t\t\t\t\t\t<div class=\"elementor-menu-anchor\" id=\"biography\"><\/div>\n\t\t\t\t\t\t<\/div>\n\t\t\t\t<\/div>\n\t\t\t\t<div class=\"elementor-element elementor-element-bbf4e75 elementor-widget elementor-widget-spacer\" data-id=\"bbf4e75\" data-element_type=\"widget\" data-e-type=\"widget\" data-widget_type=\"spacer.default\">\n\t\t\t\t<div class=\"elementor-widget-container\">\n\t\t\t\t\t\t\t<div class=\"elementor-spacer\">\n\t\t\t<div class=\"elementor-spacer-inner\"><\/div>\n\t\t<\/div>\n\t\t\t\t\t\t<\/div>\n\t\t\t\t<\/div>\n\t\t\t\t<div class=\"elementor-element elementor-element-28cfca6 animated-slow elementor-invisible elementor-widget elementor-widget-heading\" data-id=\"28cfca6\" data-element_type=\"widget\" data-e-type=\"widget\" data-settings=\"{&quot;_animation&quot;:&quot;fadeInUp&quot;}\" data-widget_type=\"heading.default\">\n\t\t\t\t<div class=\"elementor-widget-container\">\n\t\t\t\t\t<h1 class=\"elementor-heading-title elementor-size-default\">BIOGRAPHY<\/h1>\t\t\t\t<\/div>\n\t\t\t\t<\/div>\n\t\t\t\t<div class=\"elementor-element elementor-element-14b8cc9 elementor-widget elementor-widget-spacer\" data-id=\"14b8cc9\" data-element_type=\"widget\" data-e-type=\"widget\" data-widget_type=\"spacer.default\">\n\t\t\t\t<div class=\"elementor-widget-container\">\n\t\t\t\t\t\t\t<div class=\"elementor-spacer\">\n\t\t\t<div class=\"elementor-spacer-inner\"><\/div>\n\t\t<\/div>\n\t\t\t\t\t\t<\/div>\n\t\t\t\t<\/div>\n\t\t\t\t<div class=\"elementor-element elementor-element-4afed70 animated-slow elementor-invisible elementor-widget elementor-widget-text-editor\" data-id=\"4afed70\" data-element_type=\"widget\" data-e-type=\"widget\" data-settings=\"{&quot;_animation&quot;:&quot;fadeInUp&quot;}\" data-widget_type=\"text-editor.default\">\n\t\t\t\t<div class=\"elementor-widget-container\">\n\t\t\t\t\t\t\t\t\t\nIn 2001, he founded the Orfe\u00f3n San Juan Bautista, a secular professional choral group where he serves as co-director. As an arranger and composer, his work primarily consists of a cappella choral pieces. He has also written art songs, film music, chamber music for choir with instrumental accompaniment, symphonic-choral music, ballet, opera, and a cappella choral adaptations of popular and Ibero-American folk music. His works have been performed in Spain, Italy, France, Venezuela, Colombia, Mexico, Cuba, the Dominican Republic, Canada, the United States, Austria, and Turkey. Other international collaborations include commissions or projects with the Vassar College Women\u2019s Chorale (USA), Exaudi (Cuba), Seraphic Fire (USA), the Choir of the Central University of Venezuela, The Elm City Girls\u2019 Choir (USA), Soli-Tutti (France), Yale Alumni Chorus (USA), and Bo\u011fazi\u00e7i Jazz Choir (Turkey). In Puerto Rico, the leading national choirs have sung his arrangements and frequently commission music from him.\n<br><\/br>\nGuarionex Morales Matos holds a bachelor&#8217;s degree in Public Communication and a Master\u2019s in Cultural Management and Administration, both awarded by the University of Puerto Rico at R\u00edo Piedras. His notable publications include: <i>Entre la canci\u00f3n de arte y el folclor: m\u00fasica infantil puertorrique\u00f1a<\/i> (Riel, 2021), <i>Orfe\u00f3n San Juan Bautista: quince a\u00f1os de absoluta armon\u00eda 2001-2016<\/i> (OSJB, 2017), <i>M\u00fasica popular puertorrique\u00f1a: adaptaciones corales<\/i> (Instituto de Cultura Puertorrique\u00f1a, 2015) y <i>Composiciones corales originales (1994-2014)<\/i> (Instituto de Cultura Puertorrique\u00f1a, 2015).\t\t\t\t\t\t\t\t<\/div>\n\t\t\t\t<\/div>\n\t\t\t\t<div class=\"elementor-element elementor-element-3c45963 elementor-widget elementor-widget-spacer\" data-id=\"3c45963\" data-element_type=\"widget\" data-e-type=\"widget\" data-widget_type=\"spacer.default\">\n\t\t\t\t<div class=\"elementor-widget-container\">\n\t\t\t\t\t\t\t<div class=\"elementor-spacer\">\n\t\t\t<div class=\"elementor-spacer-inner\"><\/div>\n\t\t<\/div>\n\t\t\t\t\t\t<\/div>\n\t\t\t\t<\/div>\n\t\t\t\t<\/div>\n\t\t\t\t\t<\/div>\n\t\t\t\t<\/div>\n\t\t<div class=\"elementor-element elementor-element-40f9ffc e-flex e-con-boxed elementor-invisible e-con e-parent\" data-id=\"40f9ffc\" data-element_type=\"container\" data-e-type=\"container\" data-settings=\"{&quot;background_background&quot;:&quot;classic&quot;,&quot;animation&quot;:&quot;fadeInUp&quot;}\">\n\t\t\t\t\t<div class=\"e-con-inner\">\n\t\t<div class=\"elementor-element elementor-element-e494631 e-con-full e-flex e-con e-child\" data-id=\"e494631\" data-element_type=\"container\" data-e-type=\"container\">\n\t\t\t\t<div class=\"elementor-element elementor-element-b4a140f elementor-widget elementor-widget-menu-anchor\" data-id=\"b4a140f\" data-element_type=\"widget\" data-e-type=\"widget\" data-widget_type=\"menu-anchor.default\">\n\t\t\t\t<div class=\"elementor-widget-container\">\n\t\t\t\t\t\t\t<div class=\"elementor-menu-anchor\" id=\"selected-works\"><\/div>\n\t\t\t\t\t\t<\/div>\n\t\t\t\t<\/div>\n\t\t\t\t<div class=\"elementor-element elementor-element-e75f86b elementor-widget elementor-widget-spacer\" data-id=\"e75f86b\" data-element_type=\"widget\" data-e-type=\"widget\" data-widget_type=\"spacer.default\">\n\t\t\t\t<div class=\"elementor-widget-container\">\n\t\t\t\t\t\t\t<div class=\"elementor-spacer\">\n\t\t\t<div class=\"elementor-spacer-inner\"><\/div>\n\t\t<\/div>\n\t\t\t\t\t\t<\/div>\n\t\t\t\t<\/div>\n\t\t\t\t<div class=\"elementor-element elementor-element-3255b19 animated-slow elementor-invisible elementor-widget elementor-widget-heading\" data-id=\"3255b19\" data-element_type=\"widget\" data-e-type=\"widget\" data-settings=\"{&quot;_animation&quot;:&quot;fadeInUp&quot;}\" data-widget_type=\"heading.default\">\n\t\t\t\t<div class=\"elementor-widget-container\">\n\t\t\t\t\t<h1 class=\"elementor-heading-title elementor-size-default\">selected works<\/h1>\t\t\t\t<\/div>\n\t\t\t\t<\/div>\n\t\t\t\t<div class=\"elementor-element elementor-element-678bd91 elementor-widget elementor-widget-spacer\" data-id=\"678bd91\" data-element_type=\"widget\" data-e-type=\"widget\" data-widget_type=\"spacer.default\">\n\t\t\t\t<div class=\"elementor-widget-container\">\n\t\t\t\t\t\t\t<div class=\"elementor-spacer\">\n\t\t\t<div class=\"elementor-spacer-inner\"><\/div>\n\t\t<\/div>\n\t\t\t\t\t\t<\/div>\n\t\t\t\t<\/div>\n\t\t\t\t<\/div>\n\t\t<div class=\"elementor-element elementor-element-e87a9ce e-grid e-con-full e-con e-child\" data-id=\"e87a9ce\" data-element_type=\"container\" data-e-type=\"container\">\n\t\t\t\t<div class=\"elementor-element elementor-element-aad9f6c animated-slow elementor-invisible elementor-widget elementor-widget-shortcode\" data-id=\"aad9f6c\" data-element_type=\"widget\" data-e-type=\"widget\" data-settings=\"{&quot;_animation&quot;:&quot;fadeInUp&quot;}\" data-widget_type=\"shortcode.default\">\n\t\t\t\t<div class=\"elementor-widget-container\">\n\t\t\t\t\t\t\t<div class=\"elementor-shortcode\"><iframe width=\"100%\" height=\"166\" scrolling=\"no\" frameborder=\"no\" allow=\"autoplay\" src=\"https:\/\/w.soundcloud.com\/player\/?url=https%3A\/\/api.soundcloud.com\/tracks\/1622063214&color=%23d4d6d5&auto_play=false&hide_related=false&show_comments=true&show_user=true&show_reposts=false&show_teaser=true\"><\/iframe><div style=\"font-size: 10px; color: #cccccc;line-break: anywhere;word-break: normal;overflow: hidden;white-space: nowrap;text-overflow: ellipsis; font-family: Interstate,Lucida Grande,Lucida Sans Unicode,Lucida Sans,Garuda,Verdana,Tahoma,sans-serif;font-weight: 100;\"><a href=\"https:\/\/soundcloud.com\/user-337310920\" title=\"Guarionex Morales-Matos\" target=\"_blank\" style=\"color: #cccccc; text-decoration: none;\">Guarionex Morales-Matos<\/a> \u00b7 <a href=\"https:\/\/soundcloud.com\/user-337310920\/invocacion\" title=\"Invocation\" target=\"_blank\" style=\"color: #cccccc; text-decoration: none;\">Invocation<\/a><\/div><\/div>\n\t\t\t\t\t\t<\/div>\n\t\t\t\t<\/div>\n\t\t\t\t<div class=\"elementor-element elementor-element-1c4d94e animated-slow elementor-invisible elementor-widget elementor-widget-shortcode\" data-id=\"1c4d94e\" data-element_type=\"widget\" data-e-type=\"widget\" data-settings=\"{&quot;_animation&quot;:&quot;fadeInUp&quot;}\" data-widget_type=\"shortcode.default\">\n\t\t\t\t<div class=\"elementor-widget-container\">\n\t\t\t\t\t\t\t<div class=\"elementor-shortcode\"><iframe width=\"100%\" height=\"166\" scrolling=\"no\" frameborder=\"no\" allow=\"autoplay\" src=\"https:\/\/w.soundcloud.com\/player\/?url=https%3A\/\/api.soundcloud.com\/tracks\/1622055660&color=%23d4d6d5&auto_play=false&hide_related=false&show_comments=true&show_user=true&show_reposts=false&show_teaser=true\"><\/iframe><div style=\"font-size: 10px; color: #cccccc;line-break: anywhere;word-break: normal;overflow: hidden;white-space: nowrap;text-overflow: ellipsis; font-family: Interstate,Lucida Grande,Lucida Sans Unicode,Lucida Sans,Garuda,Verdana,Tahoma,sans-serif;font-weight: 100;\"><a href=\"https:\/\/soundcloud.com\/user-337310920\" title=\"Guarionex Morales-Matos\" target=\"_blank\" style=\"color: #cccccc; text-decoration: none;\">Guarionex Morales-Matos<\/a> \u00b7 <a href=\"https:\/\/soundcloud.com\/user-337310920\/discidium\" title=\"Discidium\" target=\"_blank\" style=\"color: #cccccc; text-decoration: none;\">Discidium<\/a><\/div><\/div>\n\t\t\t\t\t\t<\/div>\n\t\t\t\t<\/div>\n\t\t\t\t<div class=\"elementor-element elementor-element-d4ecf08 animated-slow elementor-invisible elementor-widget elementor-widget-shortcode\" data-id=\"d4ecf08\" data-element_type=\"widget\" data-e-type=\"widget\" data-settings=\"{&quot;_animation&quot;:&quot;fadeInUp&quot;}\" data-widget_type=\"shortcode.default\">\n\t\t\t\t<div class=\"elementor-widget-container\">\n\t\t\t\t\t\t\t<div class=\"elementor-shortcode\"><iframe width=\"100%\" height=\"166\" scrolling=\"no\" frameborder=\"no\" allow=\"autoplay\" src=\"https:\/\/w.soundcloud.com\/player\/?url=https%3A\/\/api.soundcloud.com\/tracks\/1622104818&color=%23d4d6d5&auto_play=false&hide_related=false&show_comments=true&show_user=true&show_reposts=false&show_teaser=true\"><\/iframe><div style=\"font-size: 10px; color: #cccccc;line-break: anywhere;word-break: normal;overflow: hidden;white-space: nowrap;text-overflow: ellipsis; font-family: Interstate,Lucida Grande,Lucida Sans Unicode,Lucida Sans,Garuda,Verdana,Tahoma,sans-serif;font-weight: 100;\"><a href=\"https:\/\/soundcloud.com\/user-337310920\" title=\"Guarionex Morales-Matos\" target=\"_blank\" style=\"color: #cccccc; text-decoration: none;\">Guarionex Morales-Matos<\/a> \u00b7 <a href=\"https:\/\/soundcloud.com\/user-337310920\/antifona-del-silencio\" title=\"Antiphon of Silence\" target=\"_blank\" style=\"color: #cccccc; text-decoration: none;\">Antiphon of Silence<\/a><\/div><\/div>\n\t\t\t\t\t\t<\/div>\n\t\t\t\t<\/div>\n\t\t\t\t<div class=\"elementor-element elementor-element-06626c0 animated-slow elementor-invisible elementor-widget elementor-widget-audio\" data-id=\"06626c0\" data-element_type=\"widget\" data-e-type=\"widget\" data-settings=\"{&quot;_animation&quot;:&quot;fadeInUp&quot;}\" data-widget_type=\"audio.default\">\n\t\t\t\t<div class=\"elementor-widget-container\">\n\t\t\t\t\t\t\t\t<div class=\"elementor-soundcloud-wrapper\">\n\t\t\t\t<iframe width=\"1200\" height=\"450\" frameborder=\"no\" src=\"https:\/\/w.soundcloud.com\/player\/?visual=false&#038;url=https%3A%2F%2Fapi.soundcloud.com%2Fusers%2F378410144&#038;show_artwork=false&#038;maxheight=1000&#038;maxwidth=1200&#038;auto_play=false&#038;buying=false&#038;liking=false&#038;download=false&#038;sharing=true&#038;show_comments=false&#038;show_playcount=false&#038;show_user=true&#038;color\"><\/iframe>\t\t\t<\/div>\n\t\t\t\t\t\t\t<\/div>\n\t\t\t\t<\/div>\n\t\t\t\t<div class=\"elementor-element elementor-element-0bfd170 elementor-widget elementor-widget-spacer\" data-id=\"0bfd170\" data-element_type=\"widget\" data-e-type=\"widget\" data-widget_type=\"spacer.default\">\n\t\t\t\t<div class=\"elementor-widget-container\">\n\t\t\t\t\t\t\t<div class=\"elementor-spacer\">\n\t\t\t<div class=\"elementor-spacer-inner\"><\/div>\n\t\t<\/div>\n\t\t\t\t\t\t<\/div>\n\t\t\t\t<\/div>\n\t\t\t\t<\/div>\n\t\t\t\t\t<\/div>\n\t\t\t\t<\/div>\n\t\t<div class=\"elementor-element elementor-element-32397e9 e-con-full e-flex e-con e-parent\" data-id=\"32397e9\" data-element_type=\"container\" data-e-type=\"container\">\n\t\t\t\t<div class=\"elementor-element elementor-element-e6d0c75 elementor-widget elementor-widget-video\" data-id=\"e6d0c75\" data-element_type=\"widget\" data-e-type=\"widget\" data-settings=\"{&quot;video_type&quot;:&quot;vimeo&quot;,&quot;autoplay&quot;:&quot;yes&quot;,&quot;play_on_mobile&quot;:&quot;yes&quot;,&quot;mute&quot;:&quot;yes&quot;,&quot;loop&quot;:&quot;yes&quot;}\" data-widget_type=\"video.default\">\n\t\t\t\t<div class=\"elementor-widget-container\">\n\t\t\t\t\t\t\t<div class=\"elementor-wrapper elementor-open-inline\">\n\t\t\t<iframe class=\"elementor-video-iframe\" allowfullscreen allow=\"autoplay\" title=\"vimeo Video Player\" src=\"https:\/\/player.vimeo.com\/video\/257488258?autoplay=1&amp;playsinline=1&amp;color&amp;autopause=0&amp;loop=1&amp;muted=1&amp;title=1&amp;portrait=1&amp;byline=1#t=\"><\/iframe>\t\t<\/div>\n\t\t\t\t\t\t<\/div>\n\t\t\t\t<\/div>\n\t\t\t\t<\/div>\n\t\t\t\t<\/div>\n\t\t","protected":false},"excerpt":{"rendered":"<p>Guarionex Morales Matos Guarionex Morales-Matos is a Puerto Rican composer, as well as founder and co-director of Orfe\u00f3n San Juan Bautista, a professional secular choral ensemble. He focuses primarily on the a cappella choral medium and has written art songs, choral-instrumental works, film music, a ballet and a symphonic piece. BIOGRAPHY CATALOG CONTACT BIOGRAPHY In [&hellip;]<\/p>\n","protected":false},"author":1,"featured_media":756,"parent":0,"menu_order":0,"comment_status":"closed","ping_status":"closed","template":"","meta":{"site-sidebar-layout":"default","site-content-layout":"","ast-site-content-layout":"","site-content-style":"default","site-sidebar-style":"default","ast-global-header-display":"","ast-banner-title-visibility":"","ast-main-header-display":"","ast-hfb-above-header-display":"","ast-hfb-below-header-display":"","ast-hfb-mobile-header-display":"","site-post-title":"disabled","ast-breadcrumbs-content":"","ast-featured-img":"","footer-sml-layout":"","theme-transparent-header-meta":"","adv-header-id-meta":"","stick-header-meta":"","header-above-stick-meta":"","header-main-stick-meta":"","header-below-stick-meta":"","astra-migrate-meta-layouts":"default","ast-page-background-enabled":"default","ast-page-background-meta":{"desktop":{"background-color":"var(--ast-global-color-4)","background-image":"","background-repeat":"repeat","background-position":"center center","background-size":"auto","background-attachment":"scroll","background-type":"","background-media":"","overlay-type":"","overlay-color":"","overlay-opacity":"","overlay-gradient":""},"tablet":{"background-color":"","background-image":"","background-repeat":"repeat","background-position":"center center","background-size":"auto","background-attachment":"scroll","background-type":"","background-media":"","overlay-type":"","overlay-color":"","overlay-opacity":"","overlay-gradient":""},"mobile":{"background-color":"","background-image":"","background-repeat":"repeat","background-position":"center center","background-size":"auto","background-attachment":"scroll","background-type":"","background-media":"","overlay-type":"","overlay-color":"","overlay-opacity":"","overlay-gradient":""}},"ast-content-background-meta":{"desktop":{"background-color":"var(--ast-global-color-5)","background-image":"","background-repeat":"repeat","background-position":"center center","background-size":"auto","background-attachment":"scroll","background-type":"","background-media":"","overlay-type":"","overlay-color":"","overlay-opacity":"","overlay-gradient":""},"tablet":{"background-color":"var(--ast-global-color-5)","background-image":"","background-repeat":"repeat","background-position":"center center","background-size":"auto","background-attachment":"scroll","background-type":"","background-media":"","overlay-type":"","overlay-color":"","overlay-opacity":"","overlay-gradient":""},"mobile":{"background-color":"var(--ast-global-color-5)","background-image":"","background-repeat":"repeat","background-position":"center center","background-size":"auto","background-attachment":"scroll","background-type":"","background-media":"","overlay-type":"","overlay-color":"","overlay-opacity":"","overlay-gradient":""}},"footnotes":""},"class_list":["post-109","page","type-page","status-publish","has-post-thumbnail","hentry"],"jetpack_sharing_enabled":true,"_links":{"self":[{"href":"https:\/\/guarionexmoralesmatos.com\/index.php?rest_route=\/wp\/v2\/pages\/109","targetHints":{"allow":["GET"]}}],"collection":[{"href":"https:\/\/guarionexmoralesmatos.com\/index.php?rest_route=\/wp\/v2\/pages"}],"about":[{"href":"https:\/\/guarionexmoralesmatos.com\/index.php?rest_route=\/wp\/v2\/types\/page"}],"author":[{"embeddable":true,"href":"https:\/\/guarionexmoralesmatos.com\/index.php?rest_route=\/wp\/v2\/users\/1"}],"replies":[{"embeddable":true,"href":"https:\/\/guarionexmoralesmatos.com\/index.php?rest_route=%2Fwp%2Fv2%2Fcomments&post=109"}],"version-history":[{"count":775,"href":"https:\/\/guarionexmoralesmatos.com\/index.php?rest_route=\/wp\/v2\/pages\/109\/revisions"}],"predecessor-version":[{"id":3370,"href":"https:\/\/guarionexmoralesmatos.com\/index.php?rest_route=\/wp\/v2\/pages\/109\/revisions\/3370"}],"wp:featuredmedia":[{"embeddable":true,"href":"https:\/\/guarionexmoralesmatos.com\/index.php?rest_route=\/wp\/v2\/media\/756"}],"wp:attachment":[{"href":"https:\/\/guarionexmoralesmatos.com\/index.php?rest_route=%2Fwp%2Fv2%2Fmedia&parent=109"}],"curies":[{"name":"wp","href":"https:\/\/api.w.org\/{rel}","templated":true}]}}